{"id":22,"date":"2014-11-23T03:37:40","date_gmt":"2014-11-23T01:37:40","guid":{"rendered":"http:\/\/el-sombrero-hueckelhoven.de\/?page_id=22"},"modified":"2023-12-28T00:36:52","modified_gmt":"2023-12-27T22:36:52","slug":"oeffnungszeiten","status":"publish","type":"page","link":"http:\/\/el-sombrero-hueckelhoven.de\/?page_id=22","title":{"rendered":"\u00d6ffnungszeiten"},"content":{"rendered":"<p><strong>Regul\u00e4re \u00d6ffnungszeiten:<\/strong><br \/>\nMo. &#8211; Sa.: 17:00 &#8211; 22:00 Uhr<br \/>\nSo. und an Feiertagen: 16:00 &#8211; 22:00 Uhr<br \/>\nDienstag Ruhetag<\/p>\n<p>Zu diesen Zeiten liefern wir auch.<\/p>\n<p><strong>Heilig Abend ab 17:00 Uhr, 1. und 2. Weihnachtstag ab 16:00 Uhr ge\u00f6ffnet. Silvester ab 17:00 Uhr und Neujahr ab 16:00 Uhr ge\u00f6ffnet. <\/strong><\/p>\n","protected":false},"excerpt":{"rendered":"<p>Regul\u00e4re \u00d6ffnungszeiten: Mo. &#8211; Sa.: 17:00 &#8211; 22:00 Uhr So. und an Feiertagen: 16:00 &#8211; 22:00 Uhr Dienstag Ruhetag Zu diesen Zeiten liefern wir auch. Heilig Abend ab 17:00 Uhr, 1. und 2. Weihnachtstag ab 16:00 Uhr ge\u00f6ffnet. Silvester ab 17:00 Uhr und Neujahr ab 16:00 Uhr ge\u00f6ffnet. <a class=\"continue-reading-link\" href=\"http:\/\/el-sombrero-hueckelhoven.de\/?page_id=22\">Continue reading<\/a><\/p>\n","protected":false},"author":1,"featured_media":0,"parent":0,"menu_order":0,"comment_status":"closed","ping_status":"open","template":"templates\/template-onecolumn.php","meta":[],"_links":{"self":[{"href":"http:\/\/el-sombrero-hueckelhoven.de\/index.php?rest_route=\/wp\/v2\/pages\/22"}],"collection":[{"href":"http:\/\/el-sombrero-hueckelhoven.de\/index.php?rest_route=\/wp\/v2\/pages"}],"about":[{"href":"http:\/\/el-sombrero-hueckelhoven.de\/index.php?rest_route=\/wp\/v2\/types\/page"}],"author":[{"embeddable":true,"href":"http:\/\/el-sombrero-hueckelhoven.de\/index.php?rest_route=\/wp\/v2\/users\/1"}],"replies":[{"embeddable":true,"href":"http:\/\/el-sombrero-hueckelhoven.de\/index.php?rest_route=%2Fwp%2Fv2%2Fcomments&post=22"}],"version-history":[{"count":8,"href":"http:\/\/el-sombrero-hueckelhoven.de\/index.php?rest_route=\/wp\/v2\/pages\/22\/revisions"}],"predecessor-version":[{"id":210,"href":"http:\/\/el-sombrero-hueckelhoven.de\/index.php?rest_route=\/wp\/v2\/pages\/22\/revisions\/210"}],"wp:attachment":[{"href":"http:\/\/el-sombrero-hueckelhoven.de\/index.php?rest_route=%2Fwp%2Fv2%2Fmedia&parent=22"}],"curies":[{"name":"wp","href":"https:\/\/api.w.org\/{rel}","templated":true}]}}