{"id":28,"date":"2014-11-23T03:42:02","date_gmt":"2014-11-23T01:42:02","guid":{"rendered":"http:\/\/el-sombrero-hueckelhoven.de\/?page_id=28"},"modified":"2014-11-23T04:12:19","modified_gmt":"2014-11-23T02:12:19","slug":"unser-restaurant","status":"publish","type":"page","link":"http:\/\/el-sombrero-hueckelhoven.de\/?page_id=28","title":{"rendered":"Das Restaurant"},"content":{"rendered":"<p>Seit November 2014 k\u00f6nnen Sie im El Sombrero die mexikanische K\u00fcche mit ihren landestypischen Spezialit\u00e4ten &#8211; so aufregend, wie das Land selbst &#8211; entdecken.<\/p>\n<p>Egal ob Business-Lunch, ein romantisches Dinner zu zweit oder ein Essen mit Freunden und Familie \u2013 wir haben den passenden Tisch f\u00fcr Sie. Nat\u00fcrlich k\u00f6nnen Sie unser Restauant auf Anfrage auch f\u00fcr gr\u00f6\u00dfere Anl\u00e4sse wie beispielsweise Betriebs- oder Familienfeiern buchen. Sprechen Sie uns einfach an, wir beraten Sie gerne und freuen uns auf Ihren Besuch!<\/p>\n","protected":false},"excerpt":{"rendered":"<p>Seit November 2014 k\u00f6nnen Sie im El Sombrero die mexikanische K\u00fcche mit ihren landestypischen Spezialit\u00e4ten &#8211; so aufregend, wie das Land selbst &#8211; entdecken. Egal ob Business-Lunch, ein romantisches Dinner zu zweit oder ein Essen mit Freunden und Familie \u2013 wir haben den passenden Tisch f\u00fcr Sie. Nat\u00fcrlich k\u00f6nnen Sie\u2026 <a class=\"continue-reading-link\" href=\"http:\/\/el-sombrero-hueckelhoven.de\/?page_id=28\">Continue reading<\/a><\/p>\n","protected":false},"author":1,"featured_media":0,"parent":0,"menu_order":0,"comment_status":"closed","ping_status":"open","template":"templates\/template-onecolumn.php","meta":[],"_links":{"self":[{"href":"http:\/\/el-sombrero-hueckelhoven.de\/index.php?rest_route=\/wp\/v2\/pages\/28"}],"collection":[{"href":"http:\/\/el-sombrero-hueckelhoven.de\/index.php?rest_route=\/wp\/v2\/pages"}],"about":[{"href":"http:\/\/el-sombrero-hueckelhoven.de\/index.php?rest_route=\/wp\/v2\/types\/page"}],"author":[{"embeddable":true,"href":"http:\/\/el-sombrero-hueckelhoven.de\/index.php?rest_route=\/wp\/v2\/users\/1"}],"replies":[{"embeddable":true,"href":"http:\/\/el-sombrero-hueckelhoven.de\/index.php?rest_route=%2Fwp%2Fv2%2Fcomments&post=28"}],"version-history":[{"count":2,"href":"http:\/\/el-sombrero-hueckelhoven.de\/index.php?rest_route=\/wp\/v2\/pages\/28\/revisions"}],"predecessor-version":[{"id":47,"href":"http:\/\/el-sombrero-hueckelhoven.de\/index.php?rest_route=\/wp\/v2\/pages\/28\/revisions\/47"}],"wp:attachment":[{"href":"http:\/\/el-sombrero-hueckelhoven.de\/index.php?rest_route=%2Fwp%2Fv2%2Fmedia&parent=28"}],"curies":[{"name":"wp","href":"https:\/\/api.w.org\/{rel}","templated":true}]}}